{"id":11,"date":"2023-02-21T13:13:02","date_gmt":"2023-02-21T12:13:02","guid":{"rendered":"http:\/\/krakowlab.pl\/?page_id=11"},"modified":"2023-03-08T13:02:49","modified_gmt":"2023-03-08T12:02:49","slug":"services","status":"publish","type":"page","link":"https:\/\/krakowlab.pl\/?page_id=11","title":{"rendered":"Op\u0142aty"},"content":{"rendered":"\t\t<div data-elementor-type=\"wp-page\" data-elementor-id=\"11\" class=\"elementor elementor-11\">\n\t\t\t\t\t\t\t\t\t<section class=\"elementor-section elementor-top-section elementor-element elementor-element-49501182 elementor-section-boxed elementor-section-height-default elementor-section-height-default\" data-id=\"49501182\" data-element_type=\"section\">\n\t\t\t\t\t\t<div class=\"elementor-container elementor-column-gap-default\">\n\t\t\t\t\t<div class=\"elementor-column elementor-col-100 elementor-top-column elementor-element elementor-element-6e215c11\" data-id=\"6e215c11\" data-element_type=\"column\">\n\t\t\t<div class=\"elementor-widget-wrap elementor-element-populated\">\n\t\t\t\t\t\t\t\t<div class=\"elementor-element elementor-element-471f7ded elementor-widget elementor-widget-text-editor\" data-id=\"471f7ded\" data-element_type=\"widget\" data-widget_type=\"text-editor.default\">\n\t\t\t\t<div class=\"elementor-widget-container\">\n\t\t\t<style>\/*! elementor - v3.11.1 - 15-02-2023 *\/\n.elementor-widget-text-editor.elementor-drop-cap-view-stacked .elementor-drop-cap{background-color:#818a91;color:#fff}.elementor-widget-text-editor.elementor-drop-cap-view-framed .elementor-drop-cap{color:#818a91;border:3px solid;background-color:transparent}.elementor-widget-text-editor:not(.elementor-drop-cap-view-default) .elementor-drop-cap{margin-top:8px}.elementor-widget-text-editor:not(.elementor-drop-cap-view-default) .elementor-drop-cap-letter{width:1em;height:1em}.elementor-widget-text-editor .elementor-drop-cap{float:left;text-align:center;line-height:1;font-size:50px}.elementor-widget-text-editor .elementor-drop-cap-letter{display:inline-block}<\/style>\t\t\t\t<p><!-- wp:group {\"className\":\"\"} --><\/p>\n<div class=\"wp-block-group\">\n<p><!-- wp:heading {\"textAlign\":\"center\",\"className\":\"\"} --><\/p>\n<h2 class=\"has-text-align-center\">Op\u0142aty<\/h2>\n<p><!-- \/wp:heading --><!-- wp:paragraph {\"align\":\"center\",\"className\":\"\"} --><\/p>\n<p class=\"has-text-align-center\">Lekarze specjali\u015bci \u2013 500 PLN<br \/>Rezydenci, Kosmetolodzy, Rehabilitanci \u2013 300 PLN<\/p>\n<p>\u00a0<\/p>\n<p>NEST BANK: 75 2530 0008 2062 1033 5143 0001<br \/>Ma\u0142opolskie Stowarzyszenie na Rzecz Rozwoju Nauki i Ochrony Zdrowia<br \/>Tytu\u0142 p\u0142atno\u015bci: Stopa 2022<\/p>\n<p><!-- \/wp:paragraph --><!-- wp:separator {\"backgroundColor\":\"main\",\"className\":\"center mt-2\"} --><\/p>\n<hr class=\"wp-block-separator has-text-color has-main-color has-alpha-channel-opacity has-main-background-color has-background center mt-2\" \/>\n<p><!-- \/wp:separator --><!-- wp:columns {\"className\":\" cols-single-sm gap-30 pt-3 pb-2\"} --><\/p>\n<div class=\"wp-block-columns cols-single-sm gap-30 pt-3 pb-2\">\n<p><!-- wp:column {\"className\":\"\"} --><\/p>\n<div class=\"wp-block-column\">\n<p><!-- wp:image {\"align\":\"center\",\"id\":270,\"width\":75,\"height\":75,\"sizeSlug\":\"large\",\"className\":\"\"} --><\/p>\n<figure class=\"wp-block-image aligncenter size-large is-resized\"><img loading=\"lazy\" decoding=\"async\" class=\"wp-image-270\" src=\"http:\/\/krakowlab.pl\/wp-content\/themes\/exs\/assets\/img\/icon.png\" alt=\"\" width=\"75\" height=\"75\" \/><\/figure>\n<p><!-- \/wp:image --><!-- wp:heading {\"textAlign\":\"center\",\"level\":4,\"className\":\"mt-0 mb-05\"} --><\/p>\n<h4 class=\"has-text-align-center mt-0 mb-05\"><strong>Reprehenderit<\/strong><\/h4>\n<p><!-- \/wp:heading --><!-- wp:paragraph {\"align\":\"center\",\"className\":\"mb-05\"} --><\/p>\n<p class=\"has-text-align-center mb-05\">Duis aute irure voluptate dolor in reprehenderit in voluptate velit esse nulla pariatur<\/p>\n<p><!-- \/wp:paragraph --><!-- wp:buttons {\"className\":\"\",\"layout\":{\"type\":\"flex\",\"justifyContent\":\"center\"}} --><\/p>\n<div class=\"wp-block-buttons\">\n<p><!-- wp:button {\"className\":\"is-style-arrow-transparent\"} --><\/p>\n<div class=\"wp-block-button is-style-arrow-transparent\"><a class=\"wp-block-button__link wp-element-button\" href=\"#\">Culpa Qui<\/a><\/div>\n<p><!-- \/wp:button --><\/p>\n<\/div>\n<p><!-- \/wp:buttons --><\/p>\n<\/div>\n<p><!-- \/wp:column --><!-- wp:column {\"className\":\"\"} --><\/p>\n<div class=\"wp-block-column\">\n<p><!-- wp:image {\"align\":\"center\",\"id\":479,\"width\":75,\"height\":75,\"sizeSlug\":\"large\",\"className\":\"\"} --><\/p>\n<figure class=\"wp-block-image aligncenter size-large is-resized\"><img loading=\"lazy\" decoding=\"async\" class=\"wp-image-479\" src=\"http:\/\/krakowlab.pl\/wp-content\/themes\/exs\/assets\/img\/bulb-outline.png\" alt=\"\" width=\"75\" height=\"75\" \/><\/figure>\n<p><!-- \/wp:image --><!-- wp:heading {\"textAlign\":\"center\",\"level\":4,\"className\":\"mt-0 mb-05\"} --><\/p>\n<h4 class=\"has-text-align-center mt-0 mb-05\"><strong>Mollit Anim<\/strong><\/h4>\n<p><!-- \/wp:heading --><!-- wp:paragraph {\"align\":\"center\",\"className\":\"mb-05\"} --><\/p>\n<p class=\"has-text-align-center mb-05\">Excepteurnt mollit in culpa qui laborum officia deserunt voluptate mollit anim id est laborum efficitur<\/p>\n<p><!-- \/wp:paragraph --><!-- wp:buttons {\"className\":\"\",\"layout\":{\"type\":\"flex\",\"justifyContent\":\"center\"}} --><\/p>\n<div class=\"wp-block-buttons\">\n<p><!-- wp:button {\"className\":\"is-style-arrow-transparent\"} --><\/p>\n<div class=\"wp-block-button is-style-arrow-transparent\"><a class=\"wp-block-button__link wp-element-button\" href=\"#\">Culpa Qui<\/a><\/div>\n<p><!-- \/wp:button --><\/p>\n<\/div>\n<p><!-- \/wp:buttons --><\/p>\n<\/div>\n<p><!-- \/wp:column --><!-- wp:column {\"className\":\"\"} --><\/p>\n<div class=\"wp-block-column\">\n<p><!-- wp:image {\"align\":\"center\",\"id\":480,\"width\":75,\"height\":75,\"sizeSlug\":\"large\",\"className\":\"is-style-default\"} --><\/p>\n<figure class=\"wp-block-image aligncenter size-large is-resized is-style-default\"><img loading=\"lazy\" decoding=\"async\" class=\"wp-image-480\" src=\"http:\/\/krakowlab.pl\/wp-content\/themes\/exs\/assets\/img\/color-wand-outline.png\" alt=\"\" width=\"75\" height=\"75\" \/><\/figure>\n<p><!-- \/wp:image --><!-- wp:heading {\"textAlign\":\"center\",\"level\":4,\"className\":\"mt-0 mb-05\"} --><\/p>\n<h4 class=\"has-text-align-center mt-0 mb-05\"><strong>Cillum Dolore<\/strong><\/h4>\n<p><!-- \/wp:heading --><!-- wp:paragraph {\"align\":\"center\",\"className\":\"mb-05\"} --><\/p>\n<p class=\"has-text-align-center mb-05\">Esse cillum dolore eu fugiat duis aute irure voluptate cillum dolore eu fugiat nulla pariatur<\/p>\n<p><!-- \/wp:paragraph --><!-- wp:buttons {\"className\":\"\",\"layout\":{\"type\":\"flex\",\"justifyContent\":\"center\"}} --><\/p>\n<div class=\"wp-block-buttons\">\n<p><!-- wp:button {\"className\":\"is-style-arrow-transparent\"} --><\/p>\n<div class=\"wp-block-button is-style-arrow-transparent\"><a class=\"wp-block-button__link wp-element-button\" href=\"#\">Culpa Qui<\/a><\/div>\n<p><!-- \/wp:button --><\/p>\n<\/div>\n<p><!-- \/wp:buttons --><\/p>\n<\/div>\n<p><!-- \/wp:column --><\/p>\n<\/div>\n<p><!-- \/wp:columns --><!-- wp:columns {\"className\":\" cols-single-sm gap-30 pb-6 pt-3\"} --><\/p>\n<div class=\"wp-block-columns cols-single-sm gap-30 pb-6 pt-3\">\n<p>\u00a0<\/p>\n<div class=\"wp-block-column\">\n<p><!-- wp:image {\"align\":\"center\",\"id\":487,\"width\":75,\"height\":75,\"sizeSlug\":\"large\",\"className\":\"is-style-default\"} --><\/p>\n<\/div>\n<\/div>\n<\/div>\n<div class=\"wp-block-columns pt-1 pb-1\">\n<div class=\"wp-block-column\">\n<div class=\"wp-block-columns is-not-stacked-on-mobile gap-15\">\n<div class=\"wp-block-column\">\n<p><!-- \/wp:paragraph --><\/p>\n<\/div>\n<p><!-- \/wp:column --><\/p>\n<\/div>\n<p><!-- \/wp:columns --><\/p>\n<\/div>\n<p><!-- \/wp:column --><\/p>\n<\/div>\n<p><!-- \/wp:columns --><\/p>\t\t\t\t\t\t<\/div>\n\t\t\t\t<\/div>\n\t\t\t\t\t<\/div>\n\t\t<\/div>\n\t\t\t\t\t\t\t<\/div>\n\t\t<\/section>\n\t\t\t\t\t\t\t<\/div>\n\t\t","protected":false},"excerpt":{"rendered":"<p>Op\u0142aty Lekarze specjali\u015bci \u2013 500 PLNRezydenci, Kosmetolodzy, Rehabilitanci \u2013 300 PLN \u00a0 NEST BANK: 75 2530 0008 2062 1033 5143 0001Ma\u0142opolskie Stowarzyszenie na Rzecz Rozwoju Nauki i Ochrony ZdrowiaTytu\u0142 p\u0142atno\u015bci: Stopa 2022 Reprehenderit Duis aute irure voluptate dolor in reprehenderit in voluptate velit esse nulla pariatur Mollit Anim Excepteurnt mollit in culpa qui laborum officia deserunt voluptate mollit anim id<span class=\"more-dots\">&#8230;<\/span> <span class=\"more-tag d-block mt-05\"><a class=\"more-link\" href=\"https:\/\/krakowlab.pl\/?page_id=11\">Read More...<span class=\"screen-reader-text\"> \"Op\u0142aty\"<\/span><\/a><\/span><!-- .more-tag --><\/p>\n","protected":false},"author":1,"featured_media":0,"parent":0,"menu_order":0,"comment_status":"closed","ping_status":"closed","template":"","meta":{"footnotes":""},"class_list":["post-11","page","type-page","status-publish","hentry","no-post-thumbnail"],"yoast_head":"<!-- This site is optimized with the Yoast SEO plugin v20.1 - https:\/\/yoast.com\/wordpress\/plugins\/seo\/ -->\n<title>Op\u0142aty - Krak\u00f3w Lab - Kursy i Sympozja Ortopedyczne<\/title>\n<meta name=\"robots\" content=\"index, follow, max-snippet:-1, max-image-preview:large, max-video-preview:-1\" \/>\n<link rel=\"canonical\" href=\"http:\/\/krakowlab.pl\/?page_id=11\" \/>\n<meta property=\"og:locale\" content=\"en_US\" \/>\n<meta property=\"og:type\" content=\"article\" \/>\n<meta property=\"og:title\" content=\"Op\u0142aty - Krak\u00f3w Lab - Kursy i Sympozja Ortopedyczne\" \/>\n<meta property=\"og:description\" content=\"Op\u0142aty Lekarze specjali\u015bci \u2013 500 PLNRezydenci, Kosmetolodzy, Rehabilitanci \u2013 300 PLN \u00a0 NEST BANK: 75 2530 0008 2062 1033 5143 0001Ma\u0142opolskie Stowarzyszenie na Rzecz Rozwoju Nauki i Ochrony ZdrowiaTytu\u0142 p\u0142atno\u015bci: Stopa 2022 Reprehenderit Duis aute irure voluptate dolor in reprehenderit in voluptate velit esse nulla pariatur Mollit Anim Excepteurnt mollit in culpa qui laborum officia deserunt voluptate mollit anim id...\" \/>\n<meta property=\"og:url\" content=\"http:\/\/krakowlab.pl\/?page_id=11\" \/>\n<meta property=\"og:site_name\" content=\"Krak\u00f3w Lab - Kursy i Sympozja Ortopedyczne\" \/>\n<meta property=\"article:modified_time\" content=\"2023-03-08T12:02:49+00:00\" \/>\n<meta property=\"og:image\" content=\"http:\/\/krakowlab.pl\/wp-content\/themes\/exs\/assets\/img\/icon.png\" \/>\n<meta name=\"twitter:card\" content=\"summary_large_image\" \/>\n<meta name=\"twitter:label1\" content=\"Est. reading time\" \/>\n\t<meta name=\"twitter:data1\" content=\"2 minutes\" \/>\n<script type=\"application\/ld+json\" class=\"yoast-schema-graph\">{\"@context\":\"https:\/\/schema.org\",\"@graph\":[{\"@type\":\"WebPage\",\"@id\":\"http:\/\/krakowlab.pl\/?page_id=11\",\"url\":\"http:\/\/krakowlab.pl\/?page_id=11\",\"name\":\"Op\u0142aty - Krak\u00f3w Lab - Kursy i Sympozja Ortopedyczne\",\"isPartOf\":{\"@id\":\"http:\/\/krakowlab.pl\/#website\"},\"datePublished\":\"2023-02-21T12:13:02+00:00\",\"dateModified\":\"2023-03-08T12:02:49+00:00\",\"breadcrumb\":{\"@id\":\"http:\/\/krakowlab.pl\/?page_id=11#breadcrumb\"},\"inLanguage\":\"en-US\",\"potentialAction\":[{\"@type\":\"ReadAction\",\"target\":[\"http:\/\/krakowlab.pl\/?page_id=11\"]}]},{\"@type\":\"BreadcrumbList\",\"@id\":\"http:\/\/krakowlab.pl\/?page_id=11#breadcrumb\",\"itemListElement\":[{\"@type\":\"ListItem\",\"position\":1,\"name\":\"Home\",\"item\":\"http:\/\/krakowlab.pl\/\"},{\"@type\":\"ListItem\",\"position\":2,\"name\":\"Op\u0142aty\"}]},{\"@type\":\"WebSite\",\"@id\":\"http:\/\/krakowlab.pl\/#website\",\"url\":\"http:\/\/krakowlab.pl\/\",\"name\":\"Krak\u00f3w Lab - Kursy i Sympozja Ortopedyczne\",\"description\":\"KrakowLab\",\"potentialAction\":[{\"@type\":\"SearchAction\",\"target\":{\"@type\":\"EntryPoint\",\"urlTemplate\":\"http:\/\/krakowlab.pl\/?s={search_term_string}\"},\"query-input\":\"required name=search_term_string\"}],\"inLanguage\":\"en-US\"}]}<\/script>\n<!-- \/ Yoast SEO plugin. -->","yoast_head_json":{"title":"Op\u0142aty - Krak\u00f3w Lab - Kursy i Sympozja Ortopedyczne","robots":{"index":"index","follow":"follow","max-snippet":"max-snippet:-1","max-image-preview":"max-image-preview:large","max-video-preview":"max-video-preview:-1"},"canonical":"http:\/\/krakowlab.pl\/?page_id=11","og_locale":"en_US","og_type":"article","og_title":"Op\u0142aty - Krak\u00f3w Lab - Kursy i Sympozja Ortopedyczne","og_description":"Op\u0142aty Lekarze specjali\u015bci \u2013 500 PLNRezydenci, Kosmetolodzy, Rehabilitanci \u2013 300 PLN \u00a0 NEST BANK: 75 2530 0008 2062 1033 5143 0001Ma\u0142opolskie Stowarzyszenie na Rzecz Rozwoju Nauki i Ochrony ZdrowiaTytu\u0142 p\u0142atno\u015bci: Stopa 2022 Reprehenderit Duis aute irure voluptate dolor in reprehenderit in voluptate velit esse nulla pariatur Mollit Anim Excepteurnt mollit in culpa qui laborum officia deserunt voluptate mollit anim id...","og_url":"http:\/\/krakowlab.pl\/?page_id=11","og_site_name":"Krak\u00f3w Lab - Kursy i Sympozja Ortopedyczne","article_modified_time":"2023-03-08T12:02:49+00:00","og_image":[{"url":"http:\/\/krakowlab.pl\/wp-content\/themes\/exs\/assets\/img\/icon.png"}],"twitter_card":"summary_large_image","twitter_misc":{"Est. reading time":"2 minutes"},"schema":{"@context":"https:\/\/schema.org","@graph":[{"@type":"WebPage","@id":"http:\/\/krakowlab.pl\/?page_id=11","url":"http:\/\/krakowlab.pl\/?page_id=11","name":"Op\u0142aty - Krak\u00f3w Lab - Kursy i Sympozja Ortopedyczne","isPartOf":{"@id":"http:\/\/krakowlab.pl\/#website"},"datePublished":"2023-02-21T12:13:02+00:00","dateModified":"2023-03-08T12:02:49+00:00","breadcrumb":{"@id":"http:\/\/krakowlab.pl\/?page_id=11#breadcrumb"},"inLanguage":"en-US","potentialAction":[{"@type":"ReadAction","target":["http:\/\/krakowlab.pl\/?page_id=11"]}]},{"@type":"BreadcrumbList","@id":"http:\/\/krakowlab.pl\/?page_id=11#breadcrumb","itemListElement":[{"@type":"ListItem","position":1,"name":"Home","item":"http:\/\/krakowlab.pl\/"},{"@type":"ListItem","position":2,"name":"Op\u0142aty"}]},{"@type":"WebSite","@id":"http:\/\/krakowlab.pl\/#website","url":"http:\/\/krakowlab.pl\/","name":"Krak\u00f3w Lab - Kursy i Sympozja Ortopedyczne","description":"KrakowLab","potentialAction":[{"@type":"SearchAction","target":{"@type":"EntryPoint","urlTemplate":"http:\/\/krakowlab.pl\/?s={search_term_string}"},"query-input":"required name=search_term_string"}],"inLanguage":"en-US"}]}},"_links":{"self":[{"href":"https:\/\/krakowlab.pl\/index.php?rest_route=\/wp\/v2\/pages\/11","targetHints":{"allow":["GET"]}}],"collection":[{"href":"https:\/\/krakowlab.pl\/index.php?rest_route=\/wp\/v2\/pages"}],"about":[{"href":"https:\/\/krakowlab.pl\/index.php?rest_route=\/wp\/v2\/types\/page"}],"author":[{"embeddable":true,"href":"https:\/\/krakowlab.pl\/index.php?rest_route=\/wp\/v2\/users\/1"}],"replies":[{"embeddable":true,"href":"https:\/\/krakowlab.pl\/index.php?rest_route=%2Fwp%2Fv2%2Fcomments&post=11"}],"version-history":[{"count":11,"href":"https:\/\/krakowlab.pl\/index.php?rest_route=\/wp\/v2\/pages\/11\/revisions"}],"predecessor-version":[{"id":133,"href":"https:\/\/krakowlab.pl\/index.php?rest_route=\/wp\/v2\/pages\/11\/revisions\/133"}],"wp:attachment":[{"href":"https:\/\/krakowlab.pl\/index.php?rest_route=%2Fwp%2Fv2%2Fmedia&parent=11"}],"curies":[{"name":"wp","href":"https:\/\/api.w.org\/{rel}","templated":true}]}}