{"id":45,"date":"2023-02-21T13:25:26","date_gmt":"2023-02-21T12:25:26","guid":{"rendered":"http:\/\/krakowlab.pl\/?page_id=45"},"modified":"2023-03-08T12:59:38","modified_gmt":"2023-03-08T11:59:38","slug":"formularz-zgloszeniowy","status":"publish","type":"page","link":"https:\/\/krakowlab.pl\/?page_id=45","title":{"rendered":"Formularz zg\u0142oszeniowy"},"content":{"rendered":"\t\t<div data-elementor-type=\"wp-page\" data-elementor-id=\"45\" class=\"elementor elementor-45\">\n\t\t\t\t\t\t\t\t\t<section class=\"elementor-section elementor-top-section elementor-element elementor-element-2a592f78 elementor-section-boxed elementor-section-height-default elementor-section-height-default\" data-id=\"2a592f78\" data-element_type=\"section\">\n\t\t\t\t\t\t<div class=\"elementor-container elementor-column-gap-default\">\n\t\t\t\t\t<div class=\"elementor-column elementor-col-100 elementor-top-column elementor-element elementor-element-38aa90c\" data-id=\"38aa90c\" data-element_type=\"column\">\n\t\t\t<div class=\"elementor-widget-wrap elementor-element-populated\">\n\t\t\t\t\t\t\t\t<div class=\"elementor-element elementor-element-6564c227 elementor-widget elementor-widget-text-editor\" data-id=\"6564c227\" data-element_type=\"widget\" data-widget_type=\"text-editor.default\">\n\t\t\t\t<div class=\"elementor-widget-container\">\n\t\t\t<style>\/*! elementor - v3.11.1 - 15-02-2023 *\/\n.elementor-widget-text-editor.elementor-drop-cap-view-stacked .elementor-drop-cap{background-color:#818a91;color:#fff}.elementor-widget-text-editor.elementor-drop-cap-view-framed .elementor-drop-cap{color:#818a91;border:3px solid;background-color:transparent}.elementor-widget-text-editor:not(.elementor-drop-cap-view-default) .elementor-drop-cap{margin-top:8px}.elementor-widget-text-editor:not(.elementor-drop-cap-view-default) .elementor-drop-cap-letter{width:1em;height:1em}.elementor-widget-text-editor .elementor-drop-cap{float:left;text-align:center;line-height:1;font-size:50px}.elementor-widget-text-editor .elementor-drop-cap-letter{display:inline-block}<\/style>\t\t\t\t<!-- wp:embed {\"url\":\"https:\/\/docs.google.com\/forms\/d\/e\/1FAIpQLScJAIjNoxIlWqgIH3ehszZKPg55cWlOccVHAwVu46X7pn6WVw\/viewform?embedded=true\"} -->\n<figure class=\"wp-block-embed\">\n<div class=\"wp-block-embed__wrapper\">\n<div class=\"wpcf7 no-js\" id=\"wpcf7-f4-o1\" lang=\"pl-PL\" dir=\"ltr\">\n<div class=\"screen-reader-response\"><p role=\"status\" aria-live=\"polite\" aria-atomic=\"true\"><\/p> <ul><\/ul><\/div>\n<form action=\"\/index.php?rest_route=%2Fwp%2Fv2%2Fpages%2F45#wpcf7-f4-o1\" method=\"post\" class=\"wpcf7-form init\" aria-label=\"Formularz kontaktowy\" novalidate=\"novalidate\" data-status=\"init\">\n<div style=\"display: none;\">\n<input type=\"hidden\" name=\"_wpcf7\" value=\"4\" \/>\n<input type=\"hidden\" name=\"_wpcf7_version\" value=\"5.7.4\" \/>\n<input type=\"hidden\" name=\"_wpcf7_locale\" value=\"pl_PL\" \/>\n<input type=\"hidden\" name=\"_wpcf7_unit_tag\" value=\"wpcf7-f4-o1\" \/>\n<input type=\"hidden\" name=\"_wpcf7_container_post\" value=\"0\" \/>\n<input type=\"hidden\" name=\"_wpcf7_posted_data_hash\" value=\"\" \/>\n<\/div>\n<p><label><br \/>\nWykonywany zaw\u00f3d (wymagane)<br \/>\n<span class=\"wpcf7-form-control-wrap\" data-name=\"your-browser\"><select class=\"wpcf7-form-control wpcf7-select wpcf7-validates-as-required\" aria-required=\"true\" aria-invalid=\"false\" name=\"your-browser\"><option value=\"\">&#8212;Prosz\u0119 wybra\u0107 opcj\u0119&#8212;<\/option><option value=\"Lekarz\">Lekarz<\/option><option value=\"Rezydent\">Rezydent<\/option><option value=\"Student\">Student<\/option><option value=\"Piel\u0119gniarka\">Piel\u0119gniarka<\/option><option value=\"Kosmatolog\">Kosmatolog<\/option><option value=\"Piel\u0119gniarka\">Piel\u0119gniarka<\/option><\/select><\/span><\/label>\n<\/p>\n<p><label><br \/>\n<span class=\"wpcf7-form-control-wrap\" data-name=\"your-country\"><span class=\"wpcf7-form-control wpcf7-checkbox\"><span class=\"wpcf7-list-item first\"><input type=\"checkbox\" name=\"your-country[]\" value=\"China\" \/><span class=\"wpcf7-list-item-label\">China<\/span><\/span><span class=\"wpcf7-list-item\"><input type=\"checkbox\" name=\"your-country[]\" value=\"India\" \/><span class=\"wpcf7-list-item-label\">India<\/span><\/span><span class=\"wpcf7-list-item last\"><input type=\"checkbox\" name=\"your-country[]\" value=\"San Marino\" \/><span class=\"wpcf7-list-item-label\">San Marino<\/span><\/span><\/span><\/span><br \/>\n<\/label>\n<\/p>\n<p><label><br \/>\n<span class=\"wpcf7-form-control-wrap\" data-name=\"zawod\"><span class=\"wpcf7-form-control wpcf7-checkbox wpcf7-validates-as-required wpcf7-exclusive-checkbox\" id=\"Wykonywanyzawod\"><span class=\"wpcf7-list-item first\"><label><span class=\"wpcf7-list-item-label\">Lekarz<\/span><input type=\"checkbox\" name=\"zawod\" value=\"Lekarz\" \/><\/label><\/span><span class=\"wpcf7-list-item\"><label><span class=\"wpcf7-list-item-label\">Rezydent<\/span><input type=\"checkbox\" name=\"zawod\" value=\"Rezydent\" \/><\/label><\/span><span class=\"wpcf7-list-item\"><label><span class=\"wpcf7-list-item-label\">Piel\u0119gniarka<\/span><input type=\"checkbox\" name=\"zawod\" value=\"Piel\u0119gniarka\" \/><\/label><\/span><span class=\"wpcf7-list-item\"><label><span class=\"wpcf7-list-item-label\">Student<\/span><input type=\"checkbox\" name=\"zawod\" value=\"Student\" \/><\/label><\/span><span class=\"wpcf7-list-item\"><label><span class=\"wpcf7-list-item-label\">Kosmatolog<\/span><input type=\"checkbox\" name=\"zawod\" value=\"Kosmatolog\" \/><\/label><\/span><span class=\"wpcf7-list-item last\"><label><span class=\"wpcf7-list-item-label\">Fizjoterapeuta<\/span><input type=\"checkbox\" name=\"zawod\" value=\"Fizjoterapeuta\" \/><\/label><\/span><\/span><\/span><br \/>\n<\/label>\n<\/p>\n<p><label> Imi\u0119 i Nazwisko<br \/>\n<span class=\"wpcf7-form-control-wrap\" data-name=\"your-name\"><input size=\"40\" class=\"wpcf7-form-control wpcf7-text wpcf7-validates-as-required\" autocomplete=\"name\" aria-required=\"true\" aria-invalid=\"false\" value=\"\" type=\"text\" name=\"your-name\" \/><\/span> <\/label>\n<\/p>\n<p><label> Podaj email<br \/>\n<span class=\"wpcf7-form-control-wrap\" data-name=\"your-email\"><input size=\"40\" class=\"wpcf7-form-control wpcf7-text wpcf7-email wpcf7-validates-as-required wpcf7-validates-as-email\" autocomplete=\"email\" aria-required=\"true\" aria-invalid=\"false\" value=\"\" type=\"email\" name=\"your-email\" \/><\/span> <\/label>\n<\/p>\n<p><label> Miejsce pracy<br \/>\n<span class=\"wpcf7-form-control-wrap\" data-name=\"your-subject\"><input size=\"40\" class=\"wpcf7-form-control wpcf7-text wpcf7-validates-as-required\" aria-required=\"true\" aria-invalid=\"false\" value=\"\" type=\"text\" name=\"your-subject\" \/><\/span> <\/label>\n<\/p>\n<p><label> Uwagi do organizatora<br \/>\n<span class=\"wpcf7-form-control-wrap\" data-name=\"your-message\"><textarea cols=\"40\" rows=\"10\" class=\"wpcf7-form-control wpcf7-textarea\" aria-invalid=\"false\" name=\"your-message\"><\/textarea><\/span> <\/label>\n<\/p>\n<p><input class=\"wpcf7-form-control has-spinner wpcf7-submit\" type=\"submit\" value=\"Wy\u015blij zg\u0142oszenie\" \/>\n<\/p><div class=\"wpcf7-response-output\" aria-hidden=\"true\"><\/div>\n<\/form>\n<\/div>\n<\/div>\n<\/figure>\n<!-- \/wp:embed -->\t\t\t\t\t\t<\/div>\n\t\t\t\t<\/div>\n\t\t\t\t\t<\/div>\n\t\t<\/div>\n\t\t\t\t\t\t\t<\/div>\n\t\t<\/section>\n\t\t\t\t\t\t\t<\/div>\n\t\t","protected":false},"excerpt":{"rendered":"","protected":false},"author":1,"featured_media":0,"parent":0,"menu_order":0,"comment_status":"closed","ping_status":"closed","template":"","meta":{"footnotes":""},"class_list":["post-45","page","type-page","status-publish","hentry","no-post-thumbnail"],"yoast_head":"<!-- This site is optimized with the Yoast SEO plugin v20.1 - https:\/\/yoast.com\/wordpress\/plugins\/seo\/ -->\n<title>Formularz zg\u0142oszeniowy - Krak\u00f3w Lab - Kursy i Sympozja Ortopedyczne<\/title>\n<meta name=\"robots\" content=\"index, follow, max-snippet:-1, max-image-preview:large, max-video-preview:-1\" \/>\n<link rel=\"canonical\" href=\"http:\/\/krakowlab.pl\/?page_id=45\" \/>\n<meta property=\"og:locale\" content=\"en_US\" \/>\n<meta property=\"og:type\" content=\"article\" \/>\n<meta property=\"og:title\" content=\"Formularz zg\u0142oszeniowy - Krak\u00f3w Lab - Kursy i Sympozja Ortopedyczne\" \/>\n<meta property=\"og:url\" content=\"http:\/\/krakowlab.pl\/?page_id=45\" \/>\n<meta property=\"og:site_name\" content=\"Krak\u00f3w Lab - Kursy i Sympozja Ortopedyczne\" \/>\n<meta property=\"article:modified_time\" content=\"2023-03-08T11:59:38+00:00\" \/>\n<meta name=\"twitter:card\" content=\"summary_large_image\" \/>\n<meta name=\"twitter:label1\" content=\"Est. reading time\" \/>\n\t<meta name=\"twitter:data1\" content=\"1 minute\" \/>\n<script type=\"application\/ld+json\" class=\"yoast-schema-graph\">{\"@context\":\"https:\/\/schema.org\",\"@graph\":[{\"@type\":\"WebPage\",\"@id\":\"http:\/\/krakowlab.pl\/?page_id=45\",\"url\":\"http:\/\/krakowlab.pl\/?page_id=45\",\"name\":\"Formularz zg\u0142oszeniowy - Krak\u00f3w Lab - Kursy i Sympozja Ortopedyczne\",\"isPartOf\":{\"@id\":\"https:\/\/krakowlab.pl\/#website\"},\"datePublished\":\"2023-02-21T12:25:26+00:00\",\"dateModified\":\"2023-03-08T11:59:38+00:00\",\"breadcrumb\":{\"@id\":\"http:\/\/krakowlab.pl\/?page_id=45#breadcrumb\"},\"inLanguage\":\"en-US\",\"potentialAction\":[{\"@type\":\"ReadAction\",\"target\":[\"http:\/\/krakowlab.pl\/?page_id=45\"]}]},{\"@type\":\"BreadcrumbList\",\"@id\":\"http:\/\/krakowlab.pl\/?page_id=45#breadcrumb\",\"itemListElement\":[{\"@type\":\"ListItem\",\"position\":1,\"name\":\"Home\",\"item\":\"https:\/\/krakowlab.pl\/\"},{\"@type\":\"ListItem\",\"position\":2,\"name\":\"Formularz zg\u0142oszeniowy\"}]},{\"@type\":\"WebSite\",\"@id\":\"https:\/\/krakowlab.pl\/#website\",\"url\":\"https:\/\/krakowlab.pl\/\",\"name\":\"Krak\u00f3w Lab - Kursy i Sympozja Ortopedyczne\",\"description\":\"KrakowLab\",\"potentialAction\":[{\"@type\":\"SearchAction\",\"target\":{\"@type\":\"EntryPoint\",\"urlTemplate\":\"https:\/\/krakowlab.pl\/?s={search_term_string}\"},\"query-input\":\"required name=search_term_string\"}],\"inLanguage\":\"en-US\"}]}<\/script>\n<!-- \/ Yoast SEO plugin. -->","yoast_head_json":{"title":"Formularz zg\u0142oszeniowy - Krak\u00f3w Lab - Kursy i Sympozja Ortopedyczne","robots":{"index":"index","follow":"follow","max-snippet":"max-snippet:-1","max-image-preview":"max-image-preview:large","max-video-preview":"max-video-preview:-1"},"canonical":"http:\/\/krakowlab.pl\/?page_id=45","og_locale":"en_US","og_type":"article","og_title":"Formularz zg\u0142oszeniowy - Krak\u00f3w Lab - Kursy i Sympozja Ortopedyczne","og_url":"http:\/\/krakowlab.pl\/?page_id=45","og_site_name":"Krak\u00f3w Lab - Kursy i Sympozja Ortopedyczne","article_modified_time":"2023-03-08T11:59:38+00:00","twitter_card":"summary_large_image","twitter_misc":{"Est. reading time":"1 minute"},"schema":{"@context":"https:\/\/schema.org","@graph":[{"@type":"WebPage","@id":"http:\/\/krakowlab.pl\/?page_id=45","url":"http:\/\/krakowlab.pl\/?page_id=45","name":"Formularz zg\u0142oszeniowy - Krak\u00f3w Lab - Kursy i Sympozja Ortopedyczne","isPartOf":{"@id":"https:\/\/krakowlab.pl\/#website"},"datePublished":"2023-02-21T12:25:26+00:00","dateModified":"2023-03-08T11:59:38+00:00","breadcrumb":{"@id":"http:\/\/krakowlab.pl\/?page_id=45#breadcrumb"},"inLanguage":"en-US","potentialAction":[{"@type":"ReadAction","target":["http:\/\/krakowlab.pl\/?page_id=45"]}]},{"@type":"BreadcrumbList","@id":"http:\/\/krakowlab.pl\/?page_id=45#breadcrumb","itemListElement":[{"@type":"ListItem","position":1,"name":"Home","item":"https:\/\/krakowlab.pl\/"},{"@type":"ListItem","position":2,"name":"Formularz zg\u0142oszeniowy"}]},{"@type":"WebSite","@id":"https:\/\/krakowlab.pl\/#website","url":"https:\/\/krakowlab.pl\/","name":"Krak\u00f3w Lab - Kursy i Sympozja Ortopedyczne","description":"KrakowLab","potentialAction":[{"@type":"SearchAction","target":{"@type":"EntryPoint","urlTemplate":"https:\/\/krakowlab.pl\/?s={search_term_string}"},"query-input":"required name=search_term_string"}],"inLanguage":"en-US"}]}},"_links":{"self":[{"href":"https:\/\/krakowlab.pl\/index.php?rest_route=\/wp\/v2\/pages\/45","targetHints":{"allow":["GET"]}}],"collection":[{"href":"https:\/\/krakowlab.pl\/index.php?rest_route=\/wp\/v2\/pages"}],"about":[{"href":"https:\/\/krakowlab.pl\/index.php?rest_route=\/wp\/v2\/types\/page"}],"author":[{"embeddable":true,"href":"https:\/\/krakowlab.pl\/index.php?rest_route=\/wp\/v2\/users\/1"}],"replies":[{"embeddable":true,"href":"https:\/\/krakowlab.pl\/index.php?rest_route=%2Fwp%2Fv2%2Fcomments&post=45"}],"version-history":[{"count":8,"href":"https:\/\/krakowlab.pl\/index.php?rest_route=\/wp\/v2\/pages\/45\/revisions"}],"predecessor-version":[{"id":127,"href":"https:\/\/krakowlab.pl\/index.php?rest_route=\/wp\/v2\/pages\/45\/revisions\/127"}],"wp:attachment":[{"href":"https:\/\/krakowlab.pl\/index.php?rest_route=%2Fwp%2Fv2%2Fmedia&parent=45"}],"curies":[{"name":"wp","href":"https:\/\/api.w.org\/{rel}","templated":true}]}}